{"id":2,"date":"2016-05-10T03:48:21","date_gmt":"2016-05-10T03:48:21","guid":{"rendered":"http:\/\/holstein-fuer-schwielowsee.de\/?page_id=2"},"modified":"2024-11-09T10:46:17","modified_gmt":"2024-11-09T10:46:17","slug":"sample-page","status":"publish","type":"page","link":"https:\/\/holstein-michael.de\/","title":{"rendered":"Startseite"},"content":{"rendered":"<p>Nein, ich stehe auf keiner W\u00e4hlerliste und werde das auch nicht mehr anstreben. Aber ich werde die mir wichtigen Politikerinnen und Politiker in unserem Land unterst\u00fctzen im Rahmen meiner M\u00f6glichkeiten.\u00a0 Und auch das Ehrenamt bietet vielf\u00e4ltige M\u00f6glichkeiten sich f\u00fcr Hilfsbed\u00fcrftige einzusetzen.\u00a0 Meine Seite m\u00f6chte ich zuk\u00fcnftig nutzen meine Gedanken und meinen Weg mitzuteilen ohne weitere Absichten. Wer mag, liest es. Wer nicht, ignoriert die Seite.<\/p>\n<p>Ich habe in den letzten Jahren viel gelernt, eine Menge an Erfahrungen gesammelt und viele engagierte Menschen getroffen. Ich m\u00f6chte neue Wege gehen und lernen, offen sein f\u00fcr die Herausforderungen. Ein Ansprechpartner, immer offen, positiv, ehrlich und konstruktiv. Meine Erfahrungen in der Kommunalpolitik bei der SPD und dem B\u00fcndnis 90\/Gr\u00fcne sowie als Gr\u00fcnder und Mitglied in ehrenamtlich t\u00e4tigen Vereinen, sowie mein aktueller beruflicher Weg als Trainer, Coach und meine privaten Interessen als AI-Creator, Autor und Heraldiker werden meine Homepage abrunden.\u00a0<\/p>\n<p>Machen, einfach machen!<\/p>\n<p><img loading=\"lazy\" decoding=\"async\" src=\"http:\/\/holstein-fuer-schwielowsee.de\/wp-content\/uploads\/2018\/05\/unterschrift_wei\u00df.png\" alt=\"\" class=\"wp-image-18 aligncenter\" width=\"627\" height=\"176\" srcset=\"https:\/\/holstein-michael.de\/wp-content\/uploads\/2018\/05\/unterschrift_wei\u00df.png 1000w, https:\/\/holstein-michael.de\/wp-content\/uploads\/2018\/05\/unterschrift_wei\u00df-300x84.png 300w, https:\/\/holstein-michael.de\/wp-content\/uploads\/2018\/05\/unterschrift_wei\u00df-768x215.png 768w\" sizes=\"auto, (max-width: 627px) 100vw, 627px\" \/><\/p>\n\n\n<h4 class=\"wp-block-heading\" id=\"vorsitzender-beelitz-hilft-e-v\"><\/h4>\n\n\n\n<h4 class=\"wp-block-heading\" id=\"vorstandsmitglied-ov-b90-grune-beelitz\"><a href=\"https:\/\/3wk.org\/home-3-2\/3wk\/freimaurer-helfen\/\">Vorsitzender Freimaurer helfen e.V<\/a>. <a href=\"https:\/\/familienwappen-ortswappen.de\">Holstein-Salahor Wappengestaltung<\/a><\/h4>\n\n\n\n<p><\/p>\n","protected":false},"excerpt":{"rendered":"<p>Nein, ich stehe auf keiner W\u00e4hlerliste und werde das auch nicht mehr anstreben. Aber ich werde die mir wichtigen Politikerinnen und Politiker in unserem Land unterst\u00fctzen im Rahmen meiner M\u00f6glichkeiten.\u00a0 Und auch das Ehrenamt bietet vielf\u00e4ltige M\u00f6glichkeiten sich f\u00fcr Hilfsbed\u00fcrftige einzusetzen.\u00a0 Meine Seite m\u00f6chte ich zuk\u00fcnftig nutzen meine Gedanken und [&hellip;]<\/p>\n","protected":false},"author":1,"featured_media":508,"parent":0,"menu_order":0,"comment_status":"closed","ping_status":"open","template":"","meta":{"footnotes":""},"class_list":["post-2","page","type-page","status-publish","has-post-thumbnail","hentry"],"_links":{"self":[{"href":"https:\/\/holstein-michael.de\/index.php?rest_route=\/wp\/v2\/pages\/2","targetHints":{"allow":["GET"]}}],"collection":[{"href":"https:\/\/holstein-michael.de\/index.php?rest_route=\/wp\/v2\/pages"}],"about":[{"href":"https:\/\/holstein-michael.de\/index.php?rest_route=\/wp\/v2\/types\/page"}],"author":[{"embeddable":true,"href":"https:\/\/holstein-michael.de\/index.php?rest_route=\/wp\/v2\/users\/1"}],"replies":[{"embeddable":true,"href":"https:\/\/holstein-michael.de\/index.php?rest_route=%2Fwp%2Fv2%2Fcomments&post=2"}],"version-history":[{"count":41,"href":"https:\/\/holstein-michael.de\/index.php?rest_route=\/wp\/v2\/pages\/2\/revisions"}],"predecessor-version":[{"id":710,"href":"https:\/\/holstein-michael.de\/index.php?rest_route=\/wp\/v2\/pages\/2\/revisions\/710"}],"wp:featuredmedia":[{"embeddable":true,"href":"https:\/\/holstein-michael.de\/index.php?rest_route=\/wp\/v2\/media\/508"}],"wp:attachment":[{"href":"https:\/\/holstein-michael.de\/index.php?rest_route=%2Fwp%2Fv2%2Fmedia&parent=2"}],"curies":[{"name":"wp","href":"https:\/\/api.w.org\/{rel}","templated":true}]}}